{"id":242,"date":"2022-09-01T10:10:03","date_gmt":"2022-09-01T08:10:03","guid":{"rendered":"https:\/\/lbkt.fr\/?page_id=242"},"modified":"2022-09-01T16:26:40","modified_gmt":"2022-09-01T14:26:40","slug":"action-culturelle","status":"publish","type":"page","link":"https:\/\/lbkt.fr\/index.php\/action-culturelle\/","title":{"rendered":"Action culturelle"},"content":{"rendered":"\n<p><\/p>\n\n\n\n<p class=\"has-text-align-justify\">Clotilde PAYEN intervient aupr\u00e8s de deux classes de CM2 de l\u2019\u00e9cole Jean Rostand de Stains sur le th\u00e8me du Hip-hop et aupr\u00e8s d\u2019une classe de CM2 de l\u2019\u00e9cole du Globe de Stains, dans le cadre d\u2019un projet PEAC en convention avec l\u2019Education Nationale, pour mettre en sc\u00e8ne des cr\u00e9ations originales dont les<strong> <\/strong>repr\u00e9sentations sont programm\u00e9es dans le cadre du Festival Jeune Th\u00e9\u00e2tre au Studio Th\u00e9\u00e2tre de Stains (93).<\/p>\n\n\n\n<p class=\"has-text-align-justify\">H\u00e9l\u00e8ne Rousselle intervient pour mettre en sc\u00e8ne des cr\u00e9ations originales avec les enfants du SESSAD de Cany dans le cadre du projet \u00ab&nbsp;Culture Sant\u00e9&nbsp;\u00bb et des enfants de l\u2019IME et des patients du CSAPA de l\u2019H\u00f4pital de F\u00e9camp avec le partenariat du Th\u00e9\u00e2tre Le Passage \u00e0 F\u00e9camp (76).<\/p>\n\n\n\n<p class=\"has-text-align-justify\">Dans le cadre de l\u2019action culturelle \u00ab&nbsp;Un auteur dans les murs&nbsp;\u00bb, Sylvain Delabrosse, Rozenn Tregoat et Christelle Kerdavid interviennent aupr\u00e8s des \u00e9l\u00e8ves des lyc\u00e9es professionnels de la Ville de Rennes (35) pour mettre en sc\u00e8ne des lectures-spectacles , \u00e0 l\u2019occasion de leur rencontre avec un auteur pour la jeunesse. <\/p>\n\n\n\n<p class=\"has-text-align-justify\">Sylvain Delabrosse intervient aupr\u00e8s des \u00e9l\u00e8ves des classes de 6\u00e8me du coll\u00e8ge Georges Brassens \u00e0 Le Rheu (35) pour mettre en sc\u00e8ne des cr\u00e9ations \u00e0 partir d\u2019extraits de textes de th\u00e9\u00e2tre contemporain dans le cadre du projet \u00ab Lire Dire Ecrire du Th\u00e9\u00e2tre \u00bb (LDET).&nbsp;<\/p>\n","protected":false},"excerpt":{"rendered":"<p>Clotilde PAYEN intervient aupr\u00e8s de deux classes de CM2 de l\u2019\u00e9cole Jean Rostand de Stains sur le th\u00e8me du Hip-hop et aupr\u00e8s d\u2019une classe de CM2 de l\u2019\u00e9cole du Globe de Stains, dans le cadre d\u2019un projet PEAC en convention avec l\u2019Education Nationale, pour mettre en sc\u00e8ne des cr\u00e9ations originales dont les repr\u00e9sentations sont programm\u00e9es [&hellip;]<\/p>\n","protected":false},"author":1,"featured_media":0,"parent":0,"menu_order":0,"comment_status":"closed","ping_status":"closed","template":"","meta":[],"_links":{"self":[{"href":"https:\/\/lbkt.fr\/index.php\/wp-json\/wp\/v2\/pages\/242"}],"collection":[{"href":"https:\/\/lbkt.fr\/index.php\/wp-json\/wp\/v2\/pages"}],"about":[{"href":"https:\/\/lbkt.fr\/index.php\/wp-json\/wp\/v2\/types\/page"}],"author":[{"embeddable":true,"href":"https:\/\/lbkt.fr\/index.php\/wp-json\/wp\/v2\/users\/1"}],"replies":[{"embeddable":true,"href":"https:\/\/lbkt.fr\/index.php\/wp-json\/wp\/v2\/comments?post=242"}],"version-history":[{"count":2,"href":"https:\/\/lbkt.fr\/index.php\/wp-json\/wp\/v2\/pages\/242\/revisions"}],"predecessor-version":[{"id":247,"href":"https:\/\/lbkt.fr\/index.php\/wp-json\/wp\/v2\/pages\/242\/revisions\/247"}],"wp:attachment":[{"href":"https:\/\/lbkt.fr\/index.php\/wp-json\/wp\/v2\/media?parent=242"}],"curies":[{"name":"wp","href":"https:\/\/api.w.org\/{rel}","templated":true}]}}