{"id":7,"date":"2016-11-17T20:45:43","date_gmt":"2016-11-17T19:45:43","guid":{"rendered":"https:\/\/lbkt86.wordpress.com\/?page_id=3"},"modified":"2022-09-01T09:54:35","modified_gmt":"2022-09-01T07:54:35","slug":"a-propos","status":"publish","type":"page","link":"https:\/\/lbkt.fr\/","title":{"rendered":"Compagnie"},"content":{"rendered":"\n<p class=\"text_justify\"><span class=\"font_7\"><span class=\"color_1\"><span class=\"bold\">Depuis sa cr\u00e9ation en 2002 \u00e0 Poitiers, la compagnie s&rsquo;attache \u00e0 une chose : raconter des histoires.<\/span><\/span><\/span><\/p>\n\n\n\n<p class=\"text_justify\"><span class=\"font_7\"><span class=\"color_1\"><span class=\"bold\">Pour ce faire elle explore toutes les possibilit\u00e9s offertes par le spectacle vivant, th\u00e9\u00e2tre, th\u00e9\u00e2tre d&rsquo;objets, marionnettes, mais aussi les formes pluridisciplinaires invitant la musique live ou enregistr\u00e9e, les arts plastiques, la vid\u00e9o live ou enregistr\u00e9e, la danse.<\/span><\/span><\/span><\/p>\n\n\n\n<p class=\"text_justify\"><span class=\"font_7\"><span class=\"color_1\"><span class=\"bold\">Le but \u00e9tant de faire na\u00eetre des \u00e9motions port\u00e9es par ces histoires.<\/span><\/span><\/span><\/p>\n\n\n\n<p class=\"text_justify\"><span class=\"font_7\"><span class=\"color_1\"><span class=\"bold\">La Barak&rsquo;\u00e0 Th\u00e9\u00e2tre se veut une fabrique, un laboratoire, un moyen de transmission.<\/span><\/span><\/span><\/p>\n\n\n\n<p class=\"text_justify\"><span class=\"font_7\"><span class=\"color_1\"><span class=\"bold\">En travaillant sur diff\u00e9rents territoires, avec diff\u00e9rents publics, les membres de la compagnie vont \u00e0 la rencontre du monde d&rsquo;aujourd&rsquo;hui, et tirent chacun leur propre fil, affirment leur identit\u00e9 artistique, en cr\u00e9ant des ponts entre les arts, les formes, et avec les publics.<\/span><\/span><\/span><\/p>\n\n\n\n<p>En 2022 la Barak&rsquo;\u00e0 Th\u00e9\u00e2tre devient la Compagnie LBKT.<\/p>\n","protected":false},"excerpt":{"rendered":"<p>Ceci est un petit extrait destin\u00e9 \u00e0 la &nbsp;page \u00ab \u00c0 propos \u00bb.<\/p>\n","protected":false},"author":2,"featured_media":0,"parent":0,"menu_order":1,"comment_status":"closed","ping_status":"closed","template":"","meta":[],"_links":{"self":[{"href":"https:\/\/lbkt.fr\/index.php\/wp-json\/wp\/v2\/pages\/7"}],"collection":[{"href":"https:\/\/lbkt.fr\/index.php\/wp-json\/wp\/v2\/pages"}],"about":[{"href":"https:\/\/lbkt.fr\/index.php\/wp-json\/wp\/v2\/types\/page"}],"author":[{"embeddable":true,"href":"https:\/\/lbkt.fr\/index.php\/wp-json\/wp\/v2\/users\/2"}],"replies":[{"embeddable":true,"href":"https:\/\/lbkt.fr\/index.php\/wp-json\/wp\/v2\/comments?post=7"}],"version-history":[{"count":7,"href":"https:\/\/lbkt.fr\/index.php\/wp-json\/wp\/v2\/pages\/7\/revisions"}],"predecessor-version":[{"id":241,"href":"https:\/\/lbkt.fr\/index.php\/wp-json\/wp\/v2\/pages\/7\/revisions\/241"}],"wp:attachment":[{"href":"https:\/\/lbkt.fr\/index.php\/wp-json\/wp\/v2\/media?parent=7"}],"curies":[{"name":"wp","href":"https:\/\/api.w.org\/{rel}","templated":true}]}}