{"id":84,"date":"2019-04-24T11:54:18","date_gmt":"2019-04-24T10:54:18","guid":{"rendered":"https:\/\/lbkt86.wordpress.com\/?page_id=84"},"modified":"2020-03-19T10:38:42","modified_gmt":"2020-03-19T09:38:42","slug":"le-tigre-bleu-de-leuphrate","status":"publish","type":"page","link":"https:\/\/lbkt.fr\/index.php\/spectacles\/le-tigre-bleu-de-leuphrate\/","title":{"rendered":"Le tigre bleu de l&rsquo;Euphrate"},"content":{"rendered":"\n<h3 class=\"wp-block-heading\">L&rsquo;histoire :<\/h3>\n\n\n\n<p class=\"alignJustify\"><span class=\"font_8\"><span class=\"bold\">323 avant JC, Babylone. <\/span><\/span><\/p>\n\n\n\n<p class=\"alignJustify\"><span class=\"font_8\"><span class=\"bold\">Alexandre va mourir. <\/span><\/span><\/p>\n\n\n\n<p class=\"text_justify\"><span class=\"font_8\"><span class=\"bold\">Il a fond\u00e9 un immense empire, de la Gr\u00e8ce \u00e0 l&rsquo;Inde en passant par l&rsquo;Egypte et l&rsquo;Asie mineure. <\/span><\/span><\/p>\n\n\n\n<p class=\"text_justify\"><span class=\"font_8\"><span class=\"bold\">Aujourd&rsquo;hui dans sa chambre, il est terrass\u00e9 par la fi\u00e8vre. Il ne lui reste plus que quelques heures \u00e0 vivre.<\/span><\/span><\/p>\n\n\n\n<p class=\"text_justify\"><span class=\"font_8\"><span class=\"bold\">Durant ces quelques heures il va revivre les moments forts de sa vie, cette faim de terre et de conqu\u00eates qu&rsquo;il n&rsquo;a jamais r\u00e9ussi \u00e0 assouvir. <\/span><\/span><\/p>\n\n\n\n<p class=\"text_justify\"><span class=\"font_8\"><span class=\"bold\">Entrez dans la chambre d&rsquo;Alexandre, venez assister \u00e0 une grande \u00e9pop\u00e9e, entre conte, roman d&rsquo;aventures et qu\u00eate spirituelle. <\/span><\/span><\/p>\n\n\n\n<p class=\"alignJustify\"><span class=\"font_8\"><span class=\"bold\">Un texte magnifique sur la grandeur et la faiblesse de l&rsquo;Homme.<\/span><\/span><\/p>\n\n\n\n<figure class=\"wp-block-image is-resized\"><img loading=\"lazy\" decoding=\"async\" src=\"https:\/\/lbkt.fr\/wp-content\/uploads\/2019\/04\/tiger_tiger_rz_a-08-724x1024.jpg\" alt=\"\" class=\"wp-image-95\" width=\"349\" height=\"493\"\/><\/figure>\n\n\n\n<hr class=\"wp-block-separator\"\/>\n\n\n\n<h3 class=\"alignJustify wp-block-heading\">L&rsquo;\u00e9quipe :<\/h3>\n\n\n\n<p class=\"alignJustify\"><span class=\"font_8\"><span class=\"bold\">Une pi\u00e8ce de Laurent Gaud\u00e9<\/span><\/span><\/p>\n\n\n\n<p class=\"alignJustify\"><span class=\"font_8\"><span class=\"bold\">Mise en sc\u00e8ne et interpr\u00e9tation : V\u00e9ronique Hervou\u00ebt<\/span><\/span><\/p>\n\n\n\n<p>Regard ext\u00e9rieur : Agn\u00e8s Brion<\/p>\n\n\n\n<p>Sc\u00e9nographie : Beno\u00eet Pignon<\/p>\n\n\n\n<p>Costume : Elodie Gaillard<\/p>\n\n\n\n<p>Lumi\u00e8re : Marie-Edith Leyssene<\/p>\n\n\n\n<p>Son\/ Musique : David Couturier<\/p>\n\n\n\n<p>Vid\u00e9o : Gyomh<\/p>\n\n\n\n<hr class=\"wp-block-separator\"\/>\n\n\n\n<figure class=\"wp-block-image size-large is-resized\"><img loading=\"lazy\" decoding=\"async\" src=\"https:\/\/lbkt.fr\/wp-content\/uploads\/2020\/03\/DSC9172-web.jpg\" alt=\"\" class=\"wp-image-184\" width=\"347\" height=\"347\" srcset=\"https:\/\/lbkt.fr\/wp-content\/uploads\/2020\/03\/DSC9172-web.jpg 1000w, https:\/\/lbkt.fr\/wp-content\/uploads\/2020\/03\/DSC9172-web-300x300.jpg 300w, https:\/\/lbkt.fr\/wp-content\/uploads\/2020\/03\/DSC9172-web-150x150.jpg 150w, https:\/\/lbkt.fr\/wp-content\/uploads\/2020\/03\/DSC9172-web-768x768.jpg 768w, https:\/\/lbkt.fr\/wp-content\/uploads\/2020\/03\/DSC9172-web-365x365.jpg 365w, https:\/\/lbkt.fr\/wp-content\/uploads\/2020\/03\/DSC9172-web-500x500.jpg 500w\" sizes=\"auto, (max-width: 347px) 100vw, 347px\" \/><\/figure>\n\n\n\n<p><\/p>\n","protected":false},"excerpt":{"rendered":"<p>L&rsquo;histoire : 323 avant JC, Babylone. Alexandre va mourir. Il a fond\u00e9 un immense empire, de la Gr\u00e8ce \u00e0 l&rsquo;Inde en passant par l&rsquo;Egypte et l&rsquo;Asie mineure. Aujourd&rsquo;hui dans sa chambre, il est terrass\u00e9 par la fi\u00e8vre. Il ne lui reste plus que quelques heures \u00e0 vivre. Durant ces quelques heures il va revivre les [&hellip;]<\/p>\n","protected":false},"author":2,"featured_media":0,"parent":27,"menu_order":0,"comment_status":"closed","ping_status":"closed","template":"","meta":{"footnotes":""},"class_list":["post-84","page","type-page","status-publish","hentry"],"jetpack_sharing_enabled":true,"_links":{"self":[{"href":"https:\/\/lbkt.fr\/index.php\/wp-json\/wp\/v2\/pages\/84","targetHints":{"allow":["GET"]}}],"collection":[{"href":"https:\/\/lbkt.fr\/index.php\/wp-json\/wp\/v2\/pages"}],"about":[{"href":"https:\/\/lbkt.fr\/index.php\/wp-json\/wp\/v2\/types\/page"}],"author":[{"embeddable":true,"href":"https:\/\/lbkt.fr\/index.php\/wp-json\/wp\/v2\/users\/2"}],"replies":[{"embeddable":true,"href":"https:\/\/lbkt.fr\/index.php\/wp-json\/wp\/v2\/comments?post=84"}],"version-history":[{"count":10,"href":"https:\/\/lbkt.fr\/index.php\/wp-json\/wp\/v2\/pages\/84\/revisions"}],"predecessor-version":[{"id":189,"href":"https:\/\/lbkt.fr\/index.php\/wp-json\/wp\/v2\/pages\/84\/revisions\/189"}],"up":[{"embeddable":true,"href":"https:\/\/lbkt.fr\/index.php\/wp-json\/wp\/v2\/pages\/27"}],"wp:attachment":[{"href":"https:\/\/lbkt.fr\/index.php\/wp-json\/wp\/v2\/media?parent=84"}],"curies":[{"name":"wp","href":"https:\/\/api.w.org\/{rel}","templated":true}]}}