{"id":97,"date":"2019-09-09T12:17:08","date_gmt":"2019-09-09T10:17:08","guid":{"rendered":"https:\/\/lbkt86.wordpress.com\/?page_id=97"},"modified":"2019-09-11T16:42:47","modified_gmt":"2019-09-11T14:42:47","slug":"la-chambre-des-peurs","status":"publish","type":"page","link":"https:\/\/lbkt.fr\/index.php\/spectacles\/la-chambre-des-peurs\/","title":{"rendered":"La Chambre des peurs"},"content":{"rendered":"\n<p class=\"text_justify\">Imaginez, <\/p>\n\n\n\n<p class=\"text_justify\">Vous voil\u00e0 plong\u00e9s dans le noir,<\/p>\n\n\n\n<p class=\"text_justify\">puis quatre com\u00e9diens vous invitent \u00e0 les rejoindre dans une grande chambre \u00e0 la lumi\u00e8re tamis\u00e9e.<\/p>\n\n\n\n<p class=\"text_justify\">Dans l&rsquo;ombre, on devine des portraits au mur, des visages, des objets&#8230; Un gros livre est ouvert pr\u00e8s d&rsquo;une lampe de chevet&#8230;<\/p>\n\n\n\n<p class=\"text_justify\">Vous avez amen\u00e9 votre oreiller, des tapis et des coussins sont \u00e0 votre disposition.<\/p>\n\n\n\n<p class=\"text_justify\">Vous vous asseyez, vous vous allongez. Peut-\u00eatre que vous fermez les yeux, et les histoires commencent.<\/p>\n\n\n\n<figure class=\"wp-block-image\"><img loading=\"lazy\" decoding=\"async\" width=\"3264\" height=\"2448\" src=\"http:\/\/lbkt.fr\/wp-content\/uploads\/2019\/09\/img_1051.jpg\" alt=\"IMG_1051\" class=\"wp-image-99\" srcset=\"https:\/\/lbkt.fr\/wp-content\/uploads\/2019\/09\/img_1051.jpg 3264w, https:\/\/lbkt.fr\/wp-content\/uploads\/2019\/09\/img_1051-300x225.jpg 300w, https:\/\/lbkt.fr\/wp-content\/uploads\/2019\/09\/img_1051-768x576.jpg 768w, https:\/\/lbkt.fr\/wp-content\/uploads\/2019\/09\/img_1051-1024x768.jpg 1024w, https:\/\/lbkt.fr\/wp-content\/uploads\/2019\/09\/img_1051-1568x1176.jpg 1568w\" sizes=\"auto, (max-width: 3264px) 100vw, 3264px\" \/><\/figure>\n\n\n\n<p class=\"text_justify\">Des histoires pour frissonner, pour trembler, pour rire, pour sourire, pour r\u00e9fl\u00e9chir, pour vous endormir peut-\u00eatre&#8230;<\/p>\n\n\n\n<p class=\"text_justify\">Au programme : chansons, contes, nouvelles, po\u00e8mes, extraits de roman, t\u00e9moignages, extraits de films, musiques, th\u00e9\u00e2tre visuel&#8230; autour de LA PEUR.<\/p>\n\n\n\n<p class=\"text_justify\">Qu&rsquo;elle soit intime, sociale, ou environnementale, fantasm\u00e9e, ou li\u00e9e \u00e0 un r\u00e9el danger, c&rsquo;est d&rsquo;elle que nous parlerons, pour apprendre peut-\u00eatre \u00e0 nous en d\u00e9tacher, \u00e0 en rire, \u00e0 avoir moins peur de la peur&#8230;<\/p>\n\n\n\n<p class=\"text_justify\">A bient\u00f4t donc pour partager nos petites et grandes peurs, et les laisser s&rsquo;envoler&#8230;<\/p>\n\n\n\n<h3 class=\"western wp-block-heading\">Note d&rsquo;intention<\/h3>\n\n\n\n<p class=\"text_justify\">Ce spectacle fait suite \u00e0 Petite Peur, un spectacle de marionnette que nous avons mont\u00e9 il y a quelques ann\u00e9es, et qui s&rsquo;adresse \u00e0 un public assez jeune, \u00e0 partir de 6 ans.<\/p>\n\n\n\n<p class=\"text_justify\">Comme son nom l&rsquo;indique, il a pour sujet nos petites peurs du quotidien. Nous avions envie de poursuivre ce travail, mais en nous penchant cette fois sur des peurs plus grandes, plus profondes, plus essentielles. Tout en restant dans le d\u00e9cor de nos premi\u00e8res peurs d&rsquo;enfant, la chambre \u00e0 coucher plong\u00e9e dans la p\u00e9nombre.<\/p>\n\n\n\n<p class=\"text_justify\">C&rsquo;est un vaste sujet. Nous y sommes confront\u00e9s tous les jours. La peur nous environne, nous p\u00e9n\u00e8tre, parfois \u00e0 notre insu, parfois \u00e0 l\u2019improviste, parfois parce que nous jouons avec elle. Souvent peut-\u00eatre aussi parce que nous l&rsquo;entretenons&#8230; Parfois nous en d\u00e9terminons la cause, parfois elle nous reste myst\u00e9rieuse, et toujours elle nous replace dans notre fragilit\u00e9 d&rsquo;humain au c\u0153ur d&rsquo;un monde qui nous d\u00e9passe.<\/p>\n\n\n\n<p class=\"text_justify\">Nous vous invitons \u00e0 entrer dans notre propre chambre des peurs, \u00e0 venir \u00e9couter ce r\u00e9cital d&rsquo;histoires qui nous ont fait trembler, rire, nous \u00e9mus, amus\u00e9s ou profond\u00e9ment boulevers\u00e9s.<\/p>\n\n\n\n<figure class=\"wp-block-image\"><img loading=\"lazy\" decoding=\"async\" width=\"768\" height=\"1024\" src=\"https:\/\/lbkt.fr\/wp-content\/uploads\/2019\/09\/LCDP-photo-lampe-768x1024.jpg\" alt=\"\" class=\"wp-image-146\" srcset=\"https:\/\/lbkt.fr\/wp-content\/uploads\/2019\/09\/LCDP-photo-lampe-768x1024.jpg 768w, https:\/\/lbkt.fr\/wp-content\/uploads\/2019\/09\/LCDP-photo-lampe-225x300.jpg 225w\" sizes=\"auto, (max-width: 768px) 100vw, 768px\" \/><\/figure>\n\n\n\n<p>Ateliers p\u00e9dagogiques<\/p>\n\n\n\n<p class=\"text_justify\">Le spectacle La Chambre des peurs pourra \u00e9galement s&rsquo;accompagner en amont d&rsquo;ateliers de lectures, pour que celles et ceux qui le souhaitent puissent se retrouver \u00ab\u00a0raconteurs\u00a0\u00bb d&rsquo;histoires, le temps d&rsquo;une repr\u00e9sentation publique.<\/p>\n\n\n\n<p class=\"text_justify\">Des ateliers de ce type ont d\u00e9j\u00e0 \u00e9t\u00e9 men\u00e9s en parall\u00e8le d ela cration du spectacle aupr\u00e8s de coll\u00e9giens de Latill\u00e9, Neuville et Mirebeau (Coll\u00e8ges de la Communaut\u00e9 de Communes du Haut-Poitou). Ils ont eux aussi collect\u00e9 des textes, des sons, des musiques et cr\u00e9\u00e9 leur propre sc\u00e9nographie autour de la peur. Ces coll\u00e9giens ont restitu\u00e9 leur travail lors de repr\u00e9sentations publiques sous chapiteau en juin 2018.<\/p>\n\n\n\n<p class=\"text_justify\">Ces ateliers peuvent \u00eatre propos\u00e9s \u00e0 diff\u00e9rents publics cibl\u00e9s : adultes, enfants du primaire, coll\u00e9giens, lyc\u00e9ens, avec des textes adapt\u00e9s en fonction de la tranche d&rsquo;\u00e2ge. Les participants se retrouveront sur plusieurs s\u00e9ances de r\u00e9p\u00e9tition, avant une repr\u00e9sentation publique donn\u00e9e dans La Chambre des peurs, dans le m\u00eame dispositif que notre spectacle, ou dans un dispositif qu&rsquo;ils auront cr\u00e9\u00e9 sp\u00e9cialement pour l&rsquo;occasion.<\/p>\n\n\n\n<p class=\"text_justify\">Si vous \u00eates int\u00e9ress\u00e9s pour que nous organisions ces ateliers chez vous, contactez-nous.<\/p>\n\n\n\n<p><\/p>\n\n\n\n<figure class=\"wp-block-image\"><img loading=\"lazy\" decoding=\"async\" width=\"768\" height=\"1024\" src=\"https:\/\/lbkt.fr\/wp-content\/uploads\/2019\/09\/LCDP-photo-masque-768x1024.jpg\" alt=\"\" class=\"wp-image-147\" srcset=\"https:\/\/lbkt.fr\/wp-content\/uploads\/2019\/09\/LCDP-photo-masque-768x1024.jpg 768w, https:\/\/lbkt.fr\/wp-content\/uploads\/2019\/09\/LCDP-photo-masque-225x300.jpg 225w\" sizes=\"auto, (max-width: 768px) 100vw, 768px\" \/><\/figure>\n\n\n\n<p><\/p>\n\n\n\n<h3 class=\"wp-block-heading\">L&rsquo;\u00e9quipe<\/h3>\n\n\n\n<p>Eric Banse &#8211; Com\u00e9dien et metteur en sc\u00e8ne<\/p>\n\n\n\n<p>V\u00e9ronique Hervou\u00ebt &#8211; Com\u00e9dienne<\/p>\n\n\n\n<p>Clotilde Payen &#8211; Com\u00e9dienne<\/p>\n\n\n\n<p>H\u00e9l\u00e8ne Rousselle &#8211; Com\u00e9dienne<\/p>\n\n\n\n<hr class=\"wp-block-separator\"\/>\n\n\n\n<h3 class=\"wp-block-heading\">Informations techniques<\/h3>\n\n\n\n<p>Dur\u00e9e estim\u00e9e du spectacle : 1 heure<\/p>\n\n\n\n<p>Public cibl\u00e9 : \u00e0 partir de 13 ans<\/p>\n\n\n\n<p class=\"text_justify\">Besoins techniques : une grande salle obscure et des tapis de sol \/\/ 2 accroches au plafond \/\/ 4 panneaux d&rsquo;exposition et\/ou syst\u00e8me de pendrillonnage \/\/ 3 tables et 3 chaises \/\/ 1 sono ou des enceintes amplifi\u00e9es<\/p>\n\n\n\n<hr class=\"wp-block-separator\"\/>\n\n\n\n<p class=\"text_justify\">Ce spectacle a b\u00e9n\u00e9fici\u00e9 de r\u00e9sidences \u00e0 l&rsquo;A\u00eetre Saint Maclou \u00e0 Rouen (76), \u00e0 la Com\u00e9die Poitou-Charentes \u00e0 Poitiers (86), dans les coll\u00e8ges de Latill\u00e9, Mirebeau et Neuville (86) et de l&rsquo;aide de la Communaut\u00e9 de Communes du Haut-Poitou dans le cadre du Pass&rsquo;Art.<\/p>\n\n\n\n<hr class=\"wp-block-separator\"\/>\n\n\n\n<p>Contact : <a href=\"mailto:spectacle.petite.peur@gmail.com\">spectacle.petite.peur@gmail.com<\/a> \/\/ V\u00e9ronique Hervou\u00ebt : 06.63.62.73.65<\/p>\n","protected":false},"excerpt":{"rendered":"<p>Imaginez, Vous voil\u00e0 plong\u00e9s dans le noir, puis quatre com\u00e9diens vous invitent \u00e0 les rejoindre dans une grande chambre \u00e0 la lumi\u00e8re tamis\u00e9e. Dans l&rsquo;ombre, on devine des portraits au mur, des visages, des objets&#8230; Un gros livre est ouvert pr\u00e8s d&rsquo;une lampe de chevet&#8230; Vous avez amen\u00e9 votre oreiller, des tapis et des coussins [&hellip;]<\/p>\n","protected":false},"author":2,"featured_media":0,"parent":27,"menu_order":0,"comment_status":"closed","ping_status":"closed","template":"","meta":{"footnotes":""},"class_list":["post-97","page","type-page","status-publish","hentry"],"jetpack_sharing_enabled":true,"_links":{"self":[{"href":"https:\/\/lbkt.fr\/index.php\/wp-json\/wp\/v2\/pages\/97","targetHints":{"allow":["GET"]}}],"collection":[{"href":"https:\/\/lbkt.fr\/index.php\/wp-json\/wp\/v2\/pages"}],"about":[{"href":"https:\/\/lbkt.fr\/index.php\/wp-json\/wp\/v2\/types\/page"}],"author":[{"embeddable":true,"href":"https:\/\/lbkt.fr\/index.php\/wp-json\/wp\/v2\/users\/2"}],"replies":[{"embeddable":true,"href":"https:\/\/lbkt.fr\/index.php\/wp-json\/wp\/v2\/comments?post=97"}],"version-history":[{"count":15,"href":"https:\/\/lbkt.fr\/index.php\/wp-json\/wp\/v2\/pages\/97\/revisions"}],"predecessor-version":[{"id":178,"href":"https:\/\/lbkt.fr\/index.php\/wp-json\/wp\/v2\/pages\/97\/revisions\/178"}],"up":[{"embeddable":true,"href":"https:\/\/lbkt.fr\/index.php\/wp-json\/wp\/v2\/pages\/27"}],"wp:attachment":[{"href":"https:\/\/lbkt.fr\/index.php\/wp-json\/wp\/v2\/media?parent=97"}],"curies":[{"name":"wp","href":"https:\/\/api.w.org\/{rel}","templated":true}]}}